{"id":20,"date":"2023-11-30T09:27:45","date_gmt":"2023-11-30T08:27:45","guid":{"rendered":"https:\/\/mollavekst.no\/?page_id=20"},"modified":"2026-04-30T09:23:55","modified_gmt":"2026-04-30T07:23:55","slug":"hjem","status":"publish","type":"page","link":"https:\/\/mollavekst.no\/","title":{"rendered":"Hjem"},"content":{"rendered":"<p>[et_pb_section fb_built=&raquo;1&#8243; disabled_on=&raquo;on|on|on&raquo; _builder_version=&raquo;4.27.4&#8243; _module_preset=&raquo;default&raquo; disabled=&raquo;on&raquo; global_colors_info=&raquo;{}&raquo;][et_pb_row _builder_version=&raquo;4.27.2&#8243; _module_preset=&raquo;default&raquo; global_colors_info=&raquo;{}&raquo;][et_pb_column type=&raquo;4_4&#8243; _builder_version=&raquo;4.27.2&#8243; _module_preset=&raquo;default&raquo; global_colors_info=&raquo;{}&raquo;][et_pb_text _builder_version=&raquo;4.27.4&#8243; _module_preset=&raquo;default&raquo; global_colors_info=&raquo;{}&raquo;]<\/p>\n<h2>Vi \u00f8nsker alle God Jul &amp; Godt Nytt \u00c5r!<\/h2>\n<p>Vi holder feriestengt fra og med 23. desember. Velkommen tilbake mandag 2. januar!<\/p>\n<p>&nbsp;<\/p>\n<p>[\/et_pb_text][\/et_pb_column][\/et_pb_row][\/et_pb_section][et_pb_section fb_built=&raquo;1&#8243; _builder_version=&raquo;4.23.2&#8243; _module_preset=&raquo;default&raquo; background_color=&raquo;#2D2926&#8243; bottom_divider_style=&raquo;wave&raquo; bottom_divider_color=&raquo;#FFFFFF&raquo; bottom_divider_height=&raquo;110px&raquo; bottom_divider_repeat=&raquo;1x&raquo; bottom_divider_flip=&raquo;horizontal&raquo; global_colors_info=&raquo;{}&raquo;][et_pb_row column_structure=&raquo;1_2,1_2&#8243; make_equal=&raquo;on&raquo; _builder_version=&raquo;4.23.2&#8243; _module_preset=&raquo;default&raquo; custom_margin=&raquo;-4px|auto||auto||&raquo; global_colors_info=&raquo;{}&raquo;][et_pb_column type=&raquo;1_2&#8243; _builder_version=&raquo;4.23.2&#8243; _module_preset=&raquo;default&raquo; custom_css_main_element=&raquo;margin:auto;&raquo; global_colors_info=&raquo;{}&raquo;][et_pb_text _builder_version=&raquo;4.23.2&#8243; _module_preset=&raquo;default&raquo; text_font=&raquo;||||||||&raquo; text_text_color=&raquo;#FFFFFF&raquo; header_text_color=&raquo;#FFFFFF&raquo; background_enable_color=&raquo;off&raquo; max_width=&raquo;82%&raquo; max_width_tablet=&raquo;82%&raquo; max_width_phone=&raquo;100%&raquo; max_width_last_edited=&raquo;on|phone&raquo; custom_margin=&raquo;25%||25%||true|false&raquo; custom_margin_tablet=&raquo;11%||11%||true|false&raquo; custom_margin_phone=&raquo;9%||9%||true|false&raquo; custom_margin_last_edited=&raquo;on|phone&raquo; custom_padding=&raquo;||||true|false&raquo; text_font_size_tablet=&raquo;&raquo; text_font_size_phone=&raquo;&raquo; text_font_size_last_edited=&raquo;on|desktop&raquo; text_line_height_tablet=&raquo;&raquo; text_line_height_phone=&raquo;&raquo; text_line_height_last_edited=&raquo;on|phone&raquo; header_font_size_tablet=&raquo;&raquo; header_font_size_phone=&raquo;&raquo; header_font_size_last_edited=&raquo;on|phone&raquo; header_line_height_tablet=&raquo;&raquo; header_line_height_phone=&raquo;1.1em&raquo; header_line_height_last_edited=&raquo;on|desktop&raquo; locked=&raquo;off&raquo; global_colors_info=&raquo;{}&raquo;]<\/p>\n<h1>Vi ser muligheter<\/h1>\n<p>Vi leverer produksjon med h\u00f8y kvalitet i metall og tre. Fleksibilitet gj\u00f8r at vi kan produsere alt fra store serier til enkle produkter. Vi finner l\u00f8sninger tilpasset ditt behov og budsjett. Det skal l\u00f8nne seg \u00f8konomisk \u00e5 bruke M\u00f8lla. Vi er sertifisert etter Equass kvalitetssystem.<\/p>\n<div class=\"et_pb_text_inner\">\n<div data-shortcode-id=\"6.0.0.0-1707298457531\" data-quickaccess-editable=\"yes\" class=\"et-fb-popover-tinymce\">\n<div class=\"mce-content-body\" contenteditable=\"true\" style=\"position: relative;\">\n<ul><\/ul>\n<p>&nbsp;<\/p>\n<\/div>\n<\/div>\n<\/div>\n<p>&nbsp;<\/p>\n<p>[\/et_pb_text][\/et_pb_column][et_pb_column type=&raquo;1_2&#8243; _builder_version=&raquo;4.23.2&#8243; _module_preset=&raquo;default&raquo; custom_css_main_element=&raquo;margin:auto;&raquo; global_colors_info=&raquo;{}&raquo;][et_pb_text _builder_version=&raquo;4.23.2&#8243; _module_preset=&raquo;default&raquo; text_font=&raquo;||||||||&raquo; text_text_color=&raquo;#FFFFFF&raquo; text_font_size=&raquo;27px&raquo; text_line_height=&raquo;0.2em&raquo; header_text_color=&raquo;#FFFFFF&raquo; background_enable_color=&raquo;off&raquo; max_width=&raquo;100%&raquo; module_alignment=&raquo;center&raquo; custom_margin=&raquo;17.2%||||false|false&raquo; custom_margin_tablet=&raquo;-10%||14%||false|false&raquo; custom_margin_phone=&raquo;-13%||21%||false|false&raquo; custom_margin_last_edited=&raquo;on|phone&raquo; custom_padding=&raquo;||||false|false&raquo; text_font_size_tablet=&raquo;27px&raquo; text_font_size_phone=&raquo;20px&raquo; text_font_size_last_edited=&raquo;on|phone&raquo; text_line_height_tablet=&raquo;0.2em&raquo; text_line_height_phone=&raquo;0.2em&raquo; text_line_height_last_edited=&raquo;on|phone&raquo; global_colors_info=&raquo;{}&raquo;]<\/p>\n<p>&#8211; Stansing<\/p>\n<p>&#8211; Boring<\/p>\n<p>&#8211; Plateknekking<\/p>\n<p>&#8211; Sveising<\/p>\n<p>&#8211; Design \/ 3D modellering<\/p>\n<p>&#8211; Snekkerverksted<\/p>\n<p>&#8211; Montering<\/p>\n<p>&#8211; Pakking<\/p>\n<p>[\/et_pb_text][\/et_pb_column][\/et_pb_row][\/et_pb_section][et_pb_section fb_built=&raquo;1&#8243; admin_label=&raquo;Noen av produktene som lages hos oss&raquo; _builder_version=&raquo;4.23.1&#8243; _module_preset=&raquo;default&raquo; global_colors_info=&raquo;{}&raquo;][et_pb_row column_structure=&raquo;1_2,1_2&#8243; make_equal=&raquo;on&raquo; _builder_version=&raquo;4.23.2&#8243; _module_preset=&raquo;default&raquo; width=&raquo;100%&raquo; custom_margin=&raquo;0%||||false|false&raquo; custom_margin_tablet=&raquo;0%||||false|false&raquo; custom_margin_phone=&raquo;11%||||false|false&raquo; custom_margin_last_edited=&raquo;on|phone&raquo; global_colors_info=&raquo;{}&raquo;][et_pb_column type=&raquo;1_2&#8243; _builder_version=&raquo;4.23.2&#8243; _module_preset=&raquo;default&raquo; custom_css_main_element=&raquo;margin:auto;&raquo; global_colors_info=&raquo;{}&raquo;][et_pb_text _builder_version=&raquo;4.23.2&#8243; _module_preset=&raquo;default&raquo; text_font=&raquo;||||||||&raquo; text_text_color=&raquo;#FFFFFF&raquo; text_font_size=&raquo;44px&raquo; text_line_height=&raquo;1em&raquo; header_text_color=&raquo;#000000&#8243; background_color=&raquo;#2D2926&#8243; width=&raquo;79%&raquo; custom_margin=&raquo;||||false|false&raquo; custom_margin_tablet=&raquo;11%|16%|||false|false&raquo; custom_margin_phone=&raquo;0%||16%||false|false&raquo; custom_margin_last_edited=&raquo;on|phone&raquo; custom_padding=&raquo;70px|65px|70px|65px|true|true&raquo; custom_padding_tablet=&raquo;70px|65px|70px|65px|true|true&raquo; custom_padding_phone=&raquo;70px||70px|10%|true|false&raquo; custom_padding_last_edited=&raquo;on|phone&raquo; text_font_size_tablet=&raquo;44px&raquo; text_font_size_phone=&raquo;25px&raquo; text_font_size_last_edited=&raquo;on|desktop&raquo; text_line_height_tablet=&raquo;1em&raquo; text_line_height_phone=&raquo;1em&raquo; text_line_height_last_edited=&raquo;on|phone&raquo; border_radii=&raquo;off||172px|170px|&raquo; locked=&raquo;off&raquo; global_colors_info=&raquo;{}&raquo;]<\/p>\n<p>Noen av produktene som produseres hos oss.<\/p>\n<p>[\/et_pb_text][\/et_pb_column][et_pb_column type=&raquo;1_2&#8243; _builder_version=&raquo;4.23.2&#8243; _module_preset=&raquo;default&raquo; custom_css_main_element=&raquo;margin:auto;&raquo; global_colors_info=&raquo;{}&raquo;][et_pb_slider show_arrows=&raquo;off&raquo; show_pagination=&raquo;off&raquo; show_content_on_mobile=&raquo;off&raquo; show_image_video_mobile=&raquo;on&raquo; disabled_on=&raquo;off|off|off&raquo; _builder_version=&raquo;4.27.6&#8243; _module_preset=&raquo;default&raquo; background_color=&raquo;#FFFFFF&raquo; max_width=&raquo;95%&raquo; custom_margin=&raquo;12%|4%|||false|false&raquo; custom_margin_tablet=&raquo;12%|0%|||false|false&raquo; custom_margin_phone=&raquo;12%|0%|||false|false&raquo; custom_margin_last_edited=&raquo;on|phone&raquo; custom_padding=&raquo;60%||60%||true|false&raquo; auto=&raquo;on&raquo; auto_speed=&raquo;2000&#8243; auto_ignore_hover=&raquo;on&raquo; hover_transition_duration=&raquo;0ms&raquo; module_alignment_tablet=&raquo;center&raquo; module_alignment_phone=&raquo;center&raquo; module_alignment_last_edited=&raquo;on|phone&raquo; custom_css_main_element=&raquo;margin:auto;&raquo; global_colors_info=&raquo;{}&raquo;][et_pb_slide admin_title=&raquo;BSR&raquo; _builder_version=&raquo;4.27.0&#8243; _module_preset=&raquo;default&raquo; background_enable_color=&raquo;off&raquo; background_image=&raquo;https:\/\/mollavekst.no\/wp-content\/uploads\/2023\/12\/w1200h1200.jpg&raquo; background_enable_image=&raquo;on&raquo; background_size=&raquo;contain&raquo; custom_css_main_element=&raquo;margin:auto;&raquo; global_colors_info=&raquo;{}&raquo; sticky_transition=&raquo;on&raquo;][\/et_pb_slide][et_pb_slide admin_title=&raquo;Sm\u00f8la&raquo; _builder_version=&raquo;4.23.2&#8243; _module_preset=&raquo;default&raquo; background_enable_color=&raquo;off&raquo; background_image=&raquo;https:\/\/mollavekst.no\/wp-content\/uploads\/2023\/12\/0c343ef7a102ec1d657bc57fdd55993f-image.jpeg&raquo; background_enable_image=&raquo;on&raquo; background_size=&raquo;contain&raquo; custom_css_main_element=&raquo;margin:auto;&raquo; global_colors_info=&raquo;{}&raquo; sticky_transition=&raquo;on&raquo;][\/et_pb_slide][et_pb_slide admin_title=&raquo;Hitra&raquo; _builder_version=&raquo;4.23.2&#8243; _module_preset=&raquo;default&raquo; background_enable_color=&raquo;off&raquo; background_image=&raquo;https:\/\/mollavekst.no\/wp-content\/uploads\/2023\/12\/Skjermbilde-2023-12-01-093107.png&raquo; background_enable_image=&raquo;on&raquo; background_size=&raquo;contain&raquo; custom_css_main_element=&raquo;margin:auto;&raquo; global_colors_info=&raquo;{}&raquo; sticky_transition=&raquo;on&raquo;][\/et_pb_slide][et_pb_slide admin_title=&raquo;UV Feste&raquo; _builder_version=&raquo;4.23.2&#8243; _module_preset=&raquo;default&raquo; background_enable_color=&raquo;off&raquo; background_image=&raquo;https:\/\/mollavekst.no\/wp-content\/uploads\/2023\/12\/0_ripefeste.jpg&raquo; background_enable_image=&raquo;on&raquo; background_size=&raquo;contain&raquo; custom_css_main_element=&raquo;margin:auto;&raquo; global_colors_info=&raquo;{}&raquo; sticky_transition=&raquo;on&raquo;][\/et_pb_slide][et_pb_slide admin_title=&raquo;Trainer&raquo; _builder_version=&raquo;4.23.2&#8243; _module_preset=&raquo;default&raquo; background_enable_color=&raquo;off&raquo; background_image=&raquo;https:\/\/mollavekst.no\/wp-content\/uploads\/2023\/12\/85599_Redcord_Trainer_1.png&raquo; background_enable_image=&raquo;on&raquo; background_size=&raquo;contain&raquo; custom_css_main_element=&raquo;margin:auto;&raquo; global_colors_info=&raquo;{}&raquo; sticky_transition=&raquo;on&raquo;][\/et_pb_slide][et_pb_slide admin_title=&raquo;Strikk&raquo; _builder_version=&raquo;4.23.2&#8243; _module_preset=&raquo;default&raquo; background_enable_color=&raquo;off&raquo; background_image=&raquo;https:\/\/mollavekst.no\/wp-content\/uploads\/2023\/12\/temp_mystore_1593419468_0strikk_30_black.jpg&raquo; background_enable_image=&raquo;on&raquo; background_size=&raquo;contain&raquo; custom_css_main_element=&raquo;margin:auto;&raquo; global_colors_info=&raquo;{}&raquo; sticky_transition=&raquo;on&raquo;][\/et_pb_slide][et_pb_slide admin_title=&raquo;Presse&raquo; _builder_version=&raquo;4.23.2&#8243; _module_preset=&raquo;default&raquo; background_enable_color=&raquo;off&raquo; background_image=&raquo;https:\/\/mollavekst.no\/wp-content\/uploads\/2023\/12\/Presse-Redcord-v31.png&raquo; background_enable_image=&raquo;on&raquo; background_size=&raquo;contain&raquo; custom_css_main_element=&raquo;margin:auto;&raquo; global_colors_info=&raquo;{}&raquo; sticky_transition=&raquo;on&raquo;][\/et_pb_slide][et_pb_slide admin_title=&raquo;Fahrekassen&raquo; _builder_version=&raquo;4.23.2&#8243; _module_preset=&raquo;default&raquo; background_enable_color=&raquo;off&raquo; background_image=&raquo;https:\/\/mollavekst.no\/wp-content\/uploads\/2024\/02\/IGB_5735-Edit-e1706865863637.jpg&raquo; background_enable_image=&raquo;on&raquo; background_size=&raquo;contain&raquo; custom_css_main_element=&raquo;margin:auto;&raquo; global_colors_info=&raquo;{}&raquo; sticky_transition=&raquo;on&raquo;][\/et_pb_slide][et_pb_slide admin_title=&raquo;Corten&raquo; _builder_version=&raquo;4.23.2&#8243; _module_preset=&raquo;default&raquo; background_enable_color=&raquo;off&raquo; background_image=&raquo;https:\/\/mollavekst.no\/wp-content\/uploads\/2023\/12\/Cortensstalsblomsterkasse-redigert-bilde-scaled.jpg&raquo; background_enable_image=&raquo;on&raquo; background_size=&raquo;contain&raquo; custom_css_main_element=&raquo;margin:auto;&raquo; global_colors_info=&raquo;{}&raquo; sticky_transition=&raquo;on&raquo;][\/et_pb_slide][et_pb_slide admin_title=&raquo;Jom\u00e5s&raquo; _builder_version=&raquo;4.23.2&#8243; _module_preset=&raquo;default&raquo; background_enable_color=&raquo;off&raquo; background_image=&raquo;https:\/\/mollavekst.no\/wp-content\/uploads\/2023\/12\/IGB_4994-scaled.jpg&raquo; background_enable_image=&raquo;on&raquo; background_size=&raquo;contain&raquo; custom_css_main_element=&raquo;margin:auto;&raquo; global_colors_info=&raquo;{}&raquo; sticky_transition=&raquo;on&raquo;][\/et_pb_slide][et_pb_slide admin_title=&raquo;Blakstad&raquo; _builder_version=&raquo;4.23.2&#8243; _module_preset=&raquo;default&raquo; background_enable_color=&raquo;off&raquo; background_image=&raquo;https:\/\/mollavekst.no\/wp-content\/uploads\/2023\/12\/IGB_5217-scaled.jpg&raquo; background_enable_image=&raquo;on&raquo; background_size=&raquo;contain&raquo; custom_css_main_element=&raquo;margin:auto;&raquo; global_colors_info=&raquo;{}&raquo; sticky_transition=&raquo;on&raquo;][\/et_pb_slide][et_pb_slide admin_title=&raquo;Movu&raquo; _builder_version=&raquo;4.27.6&#8243; _module_preset=&raquo;default&raquo; background_enable_color=&raquo;off&raquo; background_image=&raquo;https:\/\/mollavekst.no\/wp-content\/uploads\/2026\/04\/0B0nJsgg-1.jpeg&raquo; background_enable_image=&raquo;on&raquo; background_size=&raquo;contain&raquo; custom_css_main_element=&raquo;margin:auto;&raquo; global_colors_info=&raquo;{}&raquo; sticky_transition=&raquo;on&raquo;][\/et_pb_slide][\/et_pb_slider][\/et_pb_column][\/et_pb_row][\/et_pb_section][et_pb_section fb_built=&raquo;1&#8243; admin_label=&raquo;V\u00e5re kunder&raquo; _builder_version=&raquo;4.23.2&#8243; _module_preset=&raquo;default&raquo; custom_margin=&raquo;2%||2%||true|false&raquo; custom_margin_tablet=&raquo;2%||2%||true|false&raquo; custom_margin_phone=&raquo;||8%||false|false&raquo; custom_margin_last_edited=&raquo;on|phone&raquo; global_colors_info=&raquo;{}&raquo;][et_pb_row column_structure=&raquo;1_6,1_6,1_6,1_6,1_6,1_6&#8243; use_custom_gutter=&raquo;on&raquo; gutter_width=&raquo;4&#8243; make_equal=&raquo;on&raquo; _builder_version=&raquo;4.27.6&#8243; _module_preset=&raquo;default&raquo; width_tablet=&raquo;67%&raquo; width_phone=&raquo;45%&raquo; width_last_edited=&raquo;on|tablet&raquo; custom_margin=&raquo;||||false|false&raquo; custom_margin_tablet=&raquo;||||false|false&raquo; custom_margin_phone=&raquo;-14%||||false|false&raquo; custom_margin_last_edited=&raquo;on|phone&raquo; custom_padding=&raquo;||1.1%||false|false&raquo; global_colors_info=&raquo;{}&raquo;][et_pb_column type=&raquo;1_6&#8243; _builder_version=&raquo;4.23.2&#8243; _module_preset=&raquo;default&raquo; custom_css_main_element=&raquo;margin:auto;&raquo; global_colors_info=&raquo;{}&raquo;][et_pb_image src=&raquo;https:\/\/mollavekst.no\/wp-content\/uploads\/2023\/12\/last-ned.png&raquo; title_text=&raquo;last ned&raquo; _builder_version=&raquo;4.27.6&#8243; _module_preset=&raquo;default&raquo; global_colors_info=&raquo;{}&raquo;][\/et_pb_image][\/et_pb_column][et_pb_column type=&raquo;1_6&#8243; _builder_version=&raquo;4.23.1&#8243; _module_preset=&raquo;default&raquo; custom_css_main_element=&raquo;margin:auto;&raquo; global_colors_info=&raquo;{}&raquo;][et_pb_image src=&raquo;https:\/\/mollavekst.no\/wp-content\/uploads\/2023\/12\/c423ac_ce420ae4f14e4d539047b79c4ae57407mv2-e1705408899252.png&raquo; title_text=&raquo;c423ac_ce420ae4f14e4d539047b79c4ae57407~mv2&#8243; _builder_version=&raquo;4.27.6&#8243; _module_preset=&raquo;default&raquo; global_colors_info=&raquo;{}&raquo;][\/et_pb_image][\/et_pb_column][et_pb_column type=&raquo;1_6&#8243; _builder_version=&raquo;4.23.1&#8243; _module_preset=&raquo;default&raquo; custom_css_main_element=&raquo;margin:auto;&raquo; global_colors_info=&raquo;{}&raquo;][et_pb_image src=&raquo;https:\/\/mollavekst.no\/wp-content\/uploads\/2024\/06\/images.png&raquo; title_text=&raquo;images&raquo; _builder_version=&raquo;4.25.2&#8243; _module_preset=&raquo;default&raquo; transform_scale=&raquo;81%|81%&raquo; global_colors_info=&raquo;{}&raquo;][\/et_pb_image][\/et_pb_column][et_pb_column type=&raquo;1_6&#8243; _builder_version=&raquo;4.23.1&#8243; _module_preset=&raquo;default&raquo; custom_css_main_element=&raquo;margin:auto;&raquo; global_colors_info=&raquo;{}&raquo;][et_pb_image src=&raquo;https:\/\/mollavekst.no\/wp-content\/uploads\/2023\/12\/last-ned-1-e1705408780366.png&raquo; title_text=&raquo;last ned (1)&raquo; _builder_version=&raquo;4.23.2&#8243; _module_preset=&raquo;default&raquo; global_colors_info=&raquo;{}&raquo;][\/et_pb_image][\/et_pb_column][et_pb_column type=&raquo;1_6&#8243; _builder_version=&raquo;4.23.1&#8243; _module_preset=&raquo;default&raquo; custom_css_main_element=&raquo;margin:auto;&raquo; global_colors_info=&raquo;{}&raquo;][et_pb_image src=&raquo;https:\/\/mollavekst.no\/wp-content\/uploads\/2023\/12\/last-ned-1.jpg&raquo; title_text=&raquo;last ned (1)&raquo; _builder_version=&raquo;4.27.6&#8243; _module_preset=&raquo;default&raquo; global_colors_info=&raquo;{}&raquo;][\/et_pb_image][\/et_pb_column][et_pb_column type=&raquo;1_6&#8243; _builder_version=&raquo;4.23.1&#8243; _module_preset=&raquo;default&raquo; custom_css_main_element=&raquo;margin:auto;&raquo; global_colors_info=&raquo;{}&raquo;][et_pb_image src=&raquo;https:\/\/mollavekst.no\/wp-content\/uploads\/2026\/04\/Logo-primary-bgblue-375x159px.png&raquo; title_text=&raquo;Logo-primary-bgblue-375x159px&raquo; _builder_version=&raquo;4.27.6&#8243; _module_preset=&raquo;default&raquo; hover_enabled=&raquo;0&#8243; global_colors_info=&raquo;{}&raquo; transform_styles_last_edited=&raquo;on|phone&raquo; transform_scale_last_edited=&raquo;on|tablet&raquo; transform_translate_last_edited=&raquo;on|phone&raquo; transform_rotate_last_edited=&raquo;on|desktop&raquo; transform_skew_last_edited=&raquo;on|desktop&raquo; transform_origin_last_edited=&raquo;on|desktop&raquo; transform_translate_linked=&raquo;off&raquo; transform_translate=&raquo;0px|-60%&raquo; sticky_enabled=&raquo;0&#8243; transform_translate_tablet=&raquo;0px|0px&raquo; transform_translate_phone=&raquo;0px|0px&raquo;][\/et_pb_image][\/et_pb_column][\/et_pb_row][\/et_pb_section][et_pb_section fb_built=&raquo;1&#8243; custom_padding_last_edited=&raquo;on|phone&raquo; prev_background_color=&raquo;#ffffff&raquo; _builder_version=&raquo;4.23.2&#8243; _module_preset=&raquo;default&raquo; background_image=&raquo;https:\/\/mollavekst.no\/wp-content\/uploads\/2023\/12\/OK0A0392.jpg&raquo; parallax=&raquo;on&raquo; custom_padding=&raquo;13%||13%||false|false&raquo; custom_padding_tablet=&raquo;29%||29%||true|false&raquo; custom_padding_phone=&raquo;39%||39%||true|false&raquo; top_divider_style=&raquo;wave&raquo; global_colors_info=&raquo;{}&raquo;][\/et_pb_section]<\/p>\n","protected":false},"excerpt":{"rendered":"<p>Vi \u00f8nsker alle God Jul &amp; Godt Nytt \u00c5r! Vi holder feriestengt fra og med 23. desember. Velkommen tilbake mandag 2. januar! &nbsp;Vi ser muligheter Vi leverer produksjon med h\u00f8y kvalitet i metall og tre. Fleksibilitet gj\u00f8r at vi kan produsere alt fra store serier til enkle produkter. Vi finner l\u00f8sninger tilpasset ditt behov og [&hellip;]<\/p>\n","protected":false},"author":1,"featured_media":0,"parent":0,"menu_order":0,"comment_status":"closed","ping_status":"closed","template":"","meta":{"_et_pb_use_builder":"on","_et_pb_old_content":"","_et_gb_content_width":"","footnotes":""},"class_list":["post-20","page","type-page","status-publish","hentry"],"_links":{"self":[{"href":"https:\/\/mollavekst.no\/index.php?rest_route=\/wp\/v2\/pages\/20","targetHints":{"allow":["GET"]}}],"collection":[{"href":"https:\/\/mollavekst.no\/index.php?rest_route=\/wp\/v2\/pages"}],"about":[{"href":"https:\/\/mollavekst.no\/index.php?rest_route=\/wp\/v2\/types\/page"}],"author":[{"embeddable":true,"href":"https:\/\/mollavekst.no\/index.php?rest_route=\/wp\/v2\/users\/1"}],"replies":[{"embeddable":true,"href":"https:\/\/mollavekst.no\/index.php?rest_route=%2Fwp%2Fv2%2Fcomments&post=20"}],"version-history":[{"count":223,"href":"https:\/\/mollavekst.no\/index.php?rest_route=\/wp\/v2\/pages\/20\/revisions"}],"predecessor-version":[{"id":1420,"href":"https:\/\/mollavekst.no\/index.php?rest_route=\/wp\/v2\/pages\/20\/revisions\/1420"}],"wp:attachment":[{"href":"https:\/\/mollavekst.no\/index.php?rest_route=%2Fwp%2Fv2%2Fmedia&parent=20"}],"curies":[{"name":"wp","href":"https:\/\/api.w.org\/{rel}","templated":true}]}}